{"id":1987,"date":"2023-05-08T15:31:25","date_gmt":"2023-05-08T15:31:25","guid":{"rendered":"https:\/\/opdavinci.com\/?page_id=1987"},"modified":"2026-03-31T15:31:36","modified_gmt":"2026-03-31T15:31:36","slug":"home","status":"publish","type":"page","link":"https:\/\/opdavinci.com\/ca\/","title":{"rendered":"HOME"},"content":{"rendered":"<div class=\"wp-block-image\">\n<figure class=\"aligncenter size-medium is-resized\"><img loading=\"lazy\" decoding=\"async\" width=\"300\" height=\"300\" src=\"https:\/\/opdavinci.com\/\/wp-content\/uploads\/2023\/04\/DAVINCIv5-300x300.png\" alt=\"\" class=\"wp-image-1403\" style=\"width:220px;height:auto\" srcset=\"https:\/\/opdavinci.com\/\/wp-content\/uploads\/2023\/04\/DAVINCIv5-300x300.png 300w, https:\/\/opdavinci.com\/\/wp-content\/uploads\/2023\/04\/DAVINCIv5-150x150.png 150w, https:\/\/opdavinci.com\/\/wp-content\/uploads\/2023\/04\/DAVINCIv5-768x768.png 768w, https:\/\/opdavinci.com\/\/wp-content\/uploads\/2023\/04\/DAVINCIv5.png 1024w\" sizes=\"auto, (max-width: 300px) 100vw, 300px\" \/><\/figure>\n<\/div>\n\n\n<h1 class=\"wp-block-heading has-text-align-center ticss-91c7e4fd\"><strong>Operaci\u00f3 da Vinci<\/strong>,<br>un projecte on els artistes poden alliberar les seves obres per a ser trobades. Geocaching art<\/h1>\n\n\n\n<p class=\"has-text-align-center home-title\">Anima&#8217;t!<\/p>\n\n\n\n<p class=\"has-text-align-center home-subtitle\">Allibera una de les teves obres!<\/p>\n\n\n\n<h2 class=\"wp-block-heading\">darreres obres alliberades<\/h2>\n\n\n\n<p>[opdvnc-artwork-slider]<\/p>\n\n\n\n<h2 class=\"wp-block-heading\">geolocalitzacions<\/h2>\n\n\n\n<p>[opdvnc-home-map]<\/p>\n\n\n\n<figure class=\"wp-block-image size-full\"><img loading=\"lazy\" decoding=\"async\" width=\"1000\" height=\"2413\" src=\"https:\/\/opdavinci.com\/\/wp-content\/uploads\/2026\/03\/INFOGRAFIA_v2_CAT.jpg\" alt=\"\" class=\"wp-image-4210\" srcset=\"https:\/\/opdavinci.com\/\/wp-content\/uploads\/2026\/03\/INFOGRAFIA_v2_CAT.jpg 1000w, https:\/\/opdavinci.com\/\/wp-content\/uploads\/2026\/03\/INFOGRAFIA_v2_CAT-124x300.jpg 124w, https:\/\/opdavinci.com\/\/wp-content\/uploads\/2026\/03\/INFOGRAFIA_v2_CAT-424x1024.jpg 424w, https:\/\/opdavinci.com\/\/wp-content\/uploads\/2026\/03\/INFOGRAFIA_v2_CAT-768x1853.jpg 768w, https:\/\/opdavinci.com\/\/wp-content\/uploads\/2026\/03\/INFOGRAFIA_v2_CAT-637x1536.jpg 637w, https:\/\/opdavinci.com\/\/wp-content\/uploads\/2026\/03\/INFOGRAFIA_v2_CAT-849x2048.jpg 849w\" sizes=\"auto, (max-width: 706px) 89vw, (max-width: 767px) 82vw, 740px\" \/><\/figure>\n\n\n\n<div class=\"wp-block-columns is-layout-flex wp-container-core-columns-is-layout-9d6595d7 wp-block-columns-is-layout-flex\">\n<div class=\"wp-block-column is-vertically-aligned-bottom is-layout-flow wp-block-column-is-layout-flow\" style=\"flex-basis:50%\">\n<p class=\"has-text-align-center ticss-f3c9f510\">Vols veure totes les obres que han estat alliberades?<\/p>\n\n\n\n<div class=\"wp-block-buttons ticss-ca6264fb is-content-justification-center is-layout-flex wp-container-core-buttons-is-layout-64b26803 wp-block-buttons-is-layout-flex\">\n<div class=\"wp-block-button is-style-fill ticss-1f51bdcc\"><a class=\"wp-block-button__link has-background wp-element-button\" href=\"https:\/\/opdavinci.com\/ca\/artworks-list\/\" style=\"border-radius:0px;background-color:#a63e3b\">LES OBRES<\/a><\/div>\n<\/div>\n<\/div>\n\n\n\n<div class=\"wp-block-column is-vertically-aligned-bottom is-layout-flow wp-block-column-is-layout-flow\" style=\"flex-basis:50%\">\n<p class=\"has-text-align-center\">Vols con\u00e8ixer tots els artistes que hi participen?<\/p>\n\n\n\n<div class=\"wp-block-buttons ticss-ca6264fb is-content-justification-center is-layout-flex wp-container-core-buttons-is-layout-64b26803 wp-block-buttons-is-layout-flex\">\n<div class=\"wp-block-button is-style-fill ticss-1f51bdcc\"><a class=\"wp-block-button__link has-background has-text-align-center wp-element-button\" href=\"https:\/\/opdavinci.com\/ca\/authors-list\/\" style=\"border-radius:0px;background-color:#a63e3b\">ARTISTES<\/a><\/div>\n<\/div>\n<\/div>\n<\/div>\n\n\n\n<div style=\"height:100px\" aria-hidden=\"true\" class=\"wp-block-spacer\"><\/div>\n\n\n\n<h1 class=\"wp-block-heading has-x-large-font-size\">F.A.Q.<\/h1>\n\n\n\n<h2 class=\"wp-block-heading has-text-color\" style=\"color:#a63e3b\">Qu\u00e8 s&#8217;ent\u00e9n per <em>alliberar<\/em> una obra?<\/h2>\n\n\n\n<p>Pel fet de desar una obra a l\u2019espai p\u00fablic amb la intenci\u00f3 de que alg\u00fa altre la trobi i se la pugui endur lliurement, sense demanar res a canvi.<\/p>\n\n\n\n<h2 class=\"wp-block-heading has-text-color\" style=\"color:#a63e3b\">Quin \u00e9s el proc\u00e9s que he de seguir per <em>alliberar<\/em>-ne una?<\/h2>\n\n\n\n<ol class=\"wp-block-list\">\n<li>Cal que et registris com a usuari. Pots fer-ho <a href=\"https:\/\/opdavinci.com\/wp-login.php?action=register&#038;lang=ca\"><strong>aqu\u00ed<\/strong><\/a>.<\/li>\n\n\n\n<li>Afegeix la informaci\u00f3 de la teva obra i imprimeix la carta que haur\u00e0s d&#8217;adjuntar.<\/li>\n\n\n\n<li>Protegeix la teva obra del mal temps ja que la deixar\u00e0s a l&#8217;espai p\u00fablic i no volem que es faci malb\u00e9. Adjunta-li la carta. En aquesta carta s&#8217;explica el projecte&nbsp;<strong>#opdavinci<\/strong>&nbsp;i explica qu\u00e8 fer si alg\u00fa s&#8217;endu l&#8217;obra.<\/li>\n\n\n\n<li>Despla\u00e7a&#8217;t al lloc que tenies pensat i amaga la teva obra. A trav\u00e9s del m\u00f2bil, obre <strong>opdavinci.com<\/strong> i geolocalitza-la.<\/li>\n\n\n\n<li>Ara que has sortit de casa i ja has acabat, aprofita i queda amb algun amic o amiga i preneu-vos un caf\u00e8 junts.<\/li>\n<\/ol>\n\n\n\n<p>Consulta aquesta p\u00e0gina: <a href=\"https:\/\/opdavinci.com\/ca\/alliberar-obra\/\" data-type=\"page\" data-id=\"1085\"><strong>alliberar obra<\/strong><\/a><\/p>\n\n\n\n<h2 class=\"wp-block-heading has-text-color\" style=\"color:#a63e3b\">On \u00e9s el millor lloc on deixar-la?<\/h2>\n\n\n\n<p>Imaginaci\u00f3 al poder! Que som creatius! Jo recomano no deixar-la massa a la vista per no augmentar les probabilitats de que se l&#8217;endugui alg\u00fa que despr\u00e9s no comuniqui la recollida (perdent-se aix\u00ed la tra\u00e7abilitat de l&#8217;obra). Tampoc et passis amagant-la.<\/p>\n\n\n\n<p>Us demano que el lloc que escolliu sigui de f\u00e0cil i lliure acc\u00e9s, que no posi en perill a la gent que vol recollir-la i a poder ser que les persones amb mobilitat redu\u00efda tamb\u00e9 hi puguin arribar.<\/p>\n\n\n\n<h2 class=\"wp-block-heading has-text-color\" style=\"color:#a63e3b\">Puc <em>alliberar<\/em> una obra que no sigui de la meva autoria?<\/h2>\n\n\n\n<p>No, l&#8217;autor o autora de les obres <em>alliberades<\/em> ha de ser la persona que les <em>allibera<\/em>. No oblidis, que estem compartint las nostres creacions, el nostre art.<\/p>\n\n\n\n<h2 class=\"wp-block-heading has-text-color\" style=\"color:#a63e3b\">I quan alg\u00fa troba la nostra obra, qu\u00e8?<\/h2>\n\n\n\n<p>A la carta que hem adjuntat a la nostra obra s&#8217;explica el projecte. En aquesta es demana a la persona que ha trobat l&#8217;obra que, si decideix endur-se-la, ens etiqueti a <em>Instagram <\/em>(@<em>opdavinci<\/em>) o ens envi\u00ef un correu a <em>opdavinci@opdavinci.com<\/em> per a notificar la recollida.<\/p>\n\n\n\n<h2 class=\"wp-block-heading has-text-color\" style=\"color:#a63e3b\">Necessito m\u00e9s informaci\u00f3 sobre a que em comprometo si vull participar al projecte <strong>Operaci\u00f3 da Vinci<\/strong>. On ho puc consultar?<\/h2>\n\n\n\n<p>No hi ha cap comprom\u00eds ni cap intenci\u00f3 comercial ni cap jugada pel darrera. Aquest projecte nom\u00e9s vol que aquells creatius \/ artistes que ho vulguin puguin compartir les seves obres sense esperar res a canvi.<\/p>\n\n\n\n<p>Tot i aix\u00ed, si voleu, podeu consultar els <a href=\"https:\/\/opdavinci.com\/ca\/terms-of-service\/\" data-type=\"page\" data-id=\"2266\">Termes del servei<\/a> i la <a href=\"https:\/\/opdavinci.com\/ca\/privacy-policy\/\" data-type=\"page\" data-id=\"1234\">Pol\u00edtica de privadesa<\/a>.<\/p>\n\n\n\n<div style=\"height:100px\" aria-hidden=\"true\" class=\"wp-block-spacer\"><\/div>\n\n\n\n<div class=\"wp-block-columns linkedin is-layout-flex wp-container-core-columns-is-layout-9d6595d7 wp-block-columns-is-layout-flex\">\n<div class=\"wp-block-column cita-home is-layout-flow wp-block-column-is-layout-flow\" style=\"flex-basis:50%\">\n<p class=\"usuari\"><a href=\"https:\/\/www.linkedin.com\/in\/thalix\/\" target=\"_blank\" rel=\"noreferrer noopener\"><strong>Thal\u00eda Hern\u00e1ndez Monroy<\/strong><\/a><br><em>TH Dise\u00f1o-Publicidad<\/em><\/p>\n\n\n\n<p class=\"pregunta\">Faig fotografia&#8230;<\/p>\n\n\n\n<p class=\"david\"><strong>David Allende<\/strong> (<strong>OpDavinci.com<\/strong>):<\/p>\n\n\n\n<p class=\"resposta\">Si et ve de gust participar del projecte, amb una fotografia tamb\u00e9 podries! Est\u00e0 pensat per a qualsevol expressi\u00f3 art\u00edstica.<br>\ud83d\ude1c\ud83d\ude1c<\/p>\n<\/div>\n\n\n\n<div class=\"wp-block-column cita-home is-layout-flow wp-block-column-is-layout-flow\" style=\"flex-basis:50%\">\n<p class=\"usuari\"><a href=\"https:\/\/www.linkedin.com\/in\/ketherdigital\/\" target=\"_blank\" rel=\"noreferrer noopener\"><strong>Marcela Torres<\/strong><\/a><br><em>Directora d&#8217;art a Kether Art Design<\/em><\/p>\n\n\n\n<p class=\"pregunta\">S\u00f3c dissenyadora gr\u00e0fica \ud83d\udda4 directora d&#8217;art. &#8230;&#8230;<\/p>\n\n\n\n<p class=\"david\"><strong>David Allende<\/strong> (<strong>OpDavinci.com<\/strong>):<\/p>\n\n\n\n<p class=\"resposta\">Jo he estat dissenyador gr\u00e0fic diversos anys tamb\u00e9. Com a creatius que som sempre estem &#8220;tontejant&#8221; amb multitud d&#8217;expressions art\u00edstiques. Si \u00e9s el teu cas, anima&#8217;t a participar amb alguna de les teves creacions! \ud83d\ude1c O potser, t&#8217;imagines compartir un d&#8217;aquells cartells dels quals et sents orgullosa perqu\u00e8 qui el trobi se&#8217;l pugui emmarcar? No seria igual d&#8217;interessant? \ud83d\ude43 Aqu\u00ed hi cabem tots els artistes\/creatius.<\/p>\n<\/div>\n<\/div>\n","protected":false},"excerpt":{"rendered":"<p>Operaci\u00f3 da Vinci,un projecte on els artistes poden alliberar les seves obres per a ser trobades. Geocaching art Anima&#8217;t! Allibera una de les teves obres! darreres obres alliberades [opdvnc-artwork-slider] geolocalitzacions [opdvnc-home-map] Vols veure totes les obres que han estat alliberades? Vols con\u00e8ixer tots els artistes que hi participen? F.A.Q. Qu\u00e8 s&#8217;ent\u00e9n per alliberar una obra? &hellip; <\/p>\n<p class=\"link-more\"><a href=\"https:\/\/opdavinci.com\/ca\/\" class=\"more-link\">Continua llegint <span class=\"screen-reader-text\">\u00abHOME\u00bb<\/span><\/a><\/p>\n","protected":false},"author":2,"featured_media":0,"parent":0,"menu_order":0,"comment_status":"closed","ping_status":"closed","template":"","meta":{"_acf_changed":false,"footnotes":""},"class_list":["post-1987","page","type-page","status-publish","hentry"],"acf":[],"featured_image_url":[],"post_author":"David Allende i Daroca","assigned_categories":"","_links":{"self":[{"href":"https:\/\/opdavinci.com\/ca\/wp-json\/wp\/v2\/pages\/1987","targetHints":{"allow":["GET"]}}],"collection":[{"href":"https:\/\/opdavinci.com\/ca\/wp-json\/wp\/v2\/pages"}],"about":[{"href":"https:\/\/opdavinci.com\/ca\/wp-json\/wp\/v2\/types\/page"}],"author":[{"embeddable":true,"href":"https:\/\/opdavinci.com\/ca\/wp-json\/wp\/v2\/users\/2"}],"replies":[{"embeddable":true,"href":"https:\/\/opdavinci.com\/ca\/wp-json\/wp\/v2\/comments?post=1987"}],"version-history":[{"count":162,"href":"https:\/\/opdavinci.com\/ca\/wp-json\/wp\/v2\/pages\/1987\/revisions"}],"predecessor-version":[{"id":4524,"href":"https:\/\/opdavinci.com\/ca\/wp-json\/wp\/v2\/pages\/1987\/revisions\/4524"}],"wp:attachment":[{"href":"https:\/\/opdavinci.com\/ca\/wp-json\/wp\/v2\/media?parent=1987"}],"curies":[{"name":"wp","href":"https:\/\/api.w.org\/{rel}","templated":true}]}}