{"id":2031,"date":"2023-05-08T16:33:31","date_gmt":"2023-05-08T16:33:31","guid":{"rendered":"https:\/\/opdavinci.com\/?page_id=2031"},"modified":"2026-03-24T18:50:22","modified_gmt":"2026-03-24T18:50:22","slug":"artworks-list","status":"publish","type":"page","link":"https:\/\/opdavinci.com\/ca\/artworks-list\/","title":{"rendered":"Llistat d&#8217;obres"},"content":{"rendered":"<div class=\"wp-block-latest-posts__list wp-block-advanced-posts-listing-advanced-posts-listing-block\"><style>.grid-layout .category-tag {\n    display:none;\n}\r\n            .grid-layout {\r\n                gap: 20px 20px !important; \r\n            }\r\n\r\n            @media (min-width: 992px) {\r\n                .grid-layout {\r\n                    grid-template-columns: repeat(2, 1fr) !important;\r\n                }\r\n            }\r\n            \r\n            \/* For very large screens *\/\r\n            @media (min-width: 1200px) {\r\n                .grid-layout {\r\n                    grid-template-columns: repeat(2, 1fr) !important;\r\n                }\r\n            }\r\n            <\/style><div class=\"grid-layout\"><div class=\"post-container\">    <div class=\"image-container\"><img decoding=\"async\" class=\"block-image\" src=\"https:\/\/opdavinci.com\/\/wp-content\/uploads\/2026\/04\/posagots-69de1b3adb2f5-225x300.jpg\">        <span class=\"category-tag left\"><\/span>    <\/div>    <div class=\"post-title\"  > <a href=\"https:\/\/opdavinci.com\/ca\/artwork\/vichy-posagots\/\" class=\"title\">Vichy posagots<\/a>    <\/div>    <div class=\"post-content\" ><p>L&#8217;artesania tamb\u00e9 \u00e9s art. El disseny i la creaci\u00f3 d&#8217;aquests posagots cosits amb cot\u00f3 Vichy.    <\/p><\/div>    <div class=\"read-more-btn\">        <a target=\"_blank\" href=\"https:\/\/opdavinci.com\/ca\/artwork\/vichy-posagots\/\" class=\"read-more-button\">M\u00e9s informaci\u00f3<\/a>    <\/div><\/div><div class=\"post-container\">    <div class=\"image-container\"><img decoding=\"async\" class=\"block-image\" src=\"https:\/\/opdavinci.com\/\/wp-content\/uploads\/2026\/03\/SERRA-PORTADA-69c56e0385e9d-212x300.png\">        <span class=\"category-tag left\"><\/span>    <\/div>    <div class=\"post-title\"  > <a href=\"https:\/\/opdavinci.com\/ca\/artwork\/serra\/\" class=\"title\">SERRA<\/a>    <\/div>    <div class=\"post-content\" ><p>Serra \u00e9s una novel\u00b7la de 152 p\u00e0gines que narra la vida de quatre dones com a exemple de qu\u00e8 va passar fa molts anys. I del que potser encara passa.    <\/p><\/div>    <div class=\"read-more-btn\">        <a target=\"_blank\" href=\"https:\/\/opdavinci.com\/ca\/artwork\/serra\/\" class=\"read-more-button\">M\u00e9s informaci\u00f3<\/a>    <\/div><\/div><div class=\"post-container\">    <div class=\"image-container\"><img decoding=\"async\" class=\"block-image\" src=\"https:\/\/opdavinci.com\/\/wp-content\/uploads\/2026\/03\/IMG_4717-69c272f5329ae-226x300.jpeg\">        <span class=\"category-tag left\"><\/span>    <\/div>    <div class=\"post-title\"  > <a href=\"https:\/\/opdavinci.com\/ca\/artwork\/gallines-potablava\/\" class=\"title\">Gallines potablava<\/a>    <\/div>    <div class=\"post-content\" ><p>El pollastre potablava \u00e9s una ra\u00e7a aut\u00f2ctona del Prat de Llobregat. La seva principal caracter\u00edstica \u00e9s la coloraci\u00f3 blavosa de les seves potes, d&#8217;aqu\u00ed el seu nom. Linogravat (gravat a    <\/p><\/div>    <div class=\"read-more-btn\">        <a target=\"_blank\" href=\"https:\/\/opdavinci.com\/ca\/artwork\/gallines-potablava\/\" class=\"read-more-button\">M\u00e9s informaci\u00f3<\/a>    <\/div><\/div><div class=\"post-container\">    <div class=\"image-container\"><img decoding=\"async\" class=\"block-image\" src=\"https:\/\/opdavinci.com\/\/wp-content\/uploads\/2024\/11\/BirdsChirpin-225x300-1.jpg\">        <span class=\"category-tag left\"><\/span>    <\/div>    <div class=\"post-title\"  > <a href=\"https:\/\/opdavinci.com\/ca\/artwork\/ocellets-piulant\/\" class=\"title\">Ocellets piulant<\/a>    <\/div>    <div class=\"post-content\" ><p>Linogravat (gravat a partir d&#8217;una planxa de lin\u00f2leum) en tinta negra sobre Paper Pi de Wenzhou de 30g\/m2, fabricat a partir de fibra de morera (kozo).    <\/p><\/div>    <div class=\"read-more-btn\">        <a target=\"_blank\" href=\"https:\/\/opdavinci.com\/ca\/artwork\/ocellets-piulant\/\" class=\"read-more-button\">M\u00e9s informaci\u00f3<\/a>    <\/div><\/div><div class=\"post-container\">    <div class=\"image-container\"><img decoding=\"async\" class=\"block-image\" src=\"https:\/\/opdavinci.com\/\/wp-content\/uploads\/2024\/12\/IMG_2957-225x300.jpeg\">        <span class=\"category-tag left\"><\/span>    <\/div>    <div class=\"post-title\"  > <a href=\"https:\/\/opdavinci.com\/ca\/artwork\/ocellets\/\" class=\"title\">Ocellets<\/a>    <\/div>    <div class=\"post-content\" ><p>Linogravat (gravat a partir d&#8217;una planxa de lin\u00f2leum) en tinta negra sobre Paper Pi de Wenzhou de 30g\/m2, fabricat a partir de fibra de morera (kozo).    <\/p><\/div>    <div class=\"read-more-btn\">        <a target=\"_blank\" href=\"https:\/\/opdavinci.com\/ca\/artwork\/ocellets\/\" class=\"read-more-button\">M\u00e9s informaci\u00f3<\/a>    <\/div><\/div><div class=\"post-container\">    <div class=\"image-container\"><img decoding=\"async\" class=\"block-image\" src=\"https:\/\/opdavinci.com\/\/wp-content\/uploads\/2024\/11\/IMG_1285-300x300.jpeg\">        <span class=\"category-tag left\"><\/span>    <\/div>    <div class=\"post-title\"  > <a href=\"https:\/\/opdavinci.com\/ca\/artwork\/lo-barbut-6\/\" class=\"title\">LO BARBUT (06)<\/a>    <\/div>    <div class=\"post-content\" ><p>Sis\u00e8 linogravat (gravat a partir d&#8217;una planxa de lin\u00f2leum) en tinta negra sobre Paper Pi de Wenzhou de 30g\/m2, fabricat a partir de fibra de morera (kozo). Mida: 22 x    <\/p><\/div>    <div class=\"read-more-btn\">        <a target=\"_blank\" href=\"https:\/\/opdavinci.com\/ca\/artwork\/lo-barbut-6\/\" class=\"read-more-button\">M\u00e9s informaci\u00f3<\/a>    <\/div><\/div><div class=\"post-container\">    <div class=\"image-container\"><img decoding=\"async\" class=\"block-image\" src=\"https:\/\/opdavinci.com\/\/wp-content\/uploads\/2024\/11\/FEB485C5-9587-442D-8844-C0B2E09BF0B3-300x300.jpeg\">        <span class=\"category-tag left\"><\/span>    <\/div>    <div class=\"post-title\"  > <a href=\"https:\/\/opdavinci.com\/ca\/artwork\/lo-barbut-5\/\" class=\"title\">LO BARBUT (05)<\/a>    <\/div>    <div class=\"post-content\" ><p>Fifth linocut (etched from a linoleum plate) in black ink on 30g\/m2 Wenzhou Paper Pi, madeww from mulberry fiber (kozo). Size: 22 x 22 cm    <\/p><\/div>    <div class=\"read-more-btn\">        <a target=\"_blank\" href=\"https:\/\/opdavinci.com\/ca\/artwork\/lo-barbut-5\/\" class=\"read-more-button\">M\u00e9s informaci\u00f3<\/a>    <\/div><\/div><div class=\"post-container\">    <div class=\"image-container\"><img decoding=\"async\" class=\"block-image\" src=\"https:\/\/opdavinci.com\/\/wp-content\/uploads\/2024\/11\/IMG_1027_Original-300x300.jpeg\">        <span class=\"category-tag left\"><\/span>    <\/div>    <div class=\"post-title\"  > <a href=\"https:\/\/opdavinci.com\/ca\/artwork\/lo-barbut-4\/\" class=\"title\">LO BARBUT (04)<\/a>    <\/div>    <div class=\"post-content\" ><p>Quart linogravat (gravat a partir d&#8217;una planxa de lin\u00f2leum) en tinta negra sobre Paper Pi de Wenzhou de 30g\/m2, fabricat a partir de fibra de morera (kozo). Mida: 22 x    <\/p><\/div>    <div class=\"read-more-btn\">        <a target=\"_blank\" href=\"https:\/\/opdavinci.com\/ca\/artwork\/lo-barbut-4\/\" class=\"read-more-button\">M\u00e9s informaci\u00f3<\/a>    <\/div><\/div><div class=\"post-container\">    <div class=\"image-container\"><img decoding=\"async\" class=\"block-image\" src=\"https:\/\/opdavinci.com\/\/wp-content\/uploads\/2023\/08\/IMG_1027-300x300.jpeg\">        <span class=\"category-tag left\"><\/span>    <\/div>    <div class=\"post-title\"  > <a href=\"https:\/\/opdavinci.com\/ca\/artwork\/lo-barbut-03\/\" class=\"title\">LO BARBUT (03)<\/a>    <\/div>    <div class=\"post-content\" ><p>Tercer linogravat (gravat a partir d&#8217;una planxa de lin\u00f2leum) en tinta negra sobre Paper Pi de Wenzhou de 30g\/m2, fabricat a partir de fibra de morera (kozo). Mida: 22 x    <\/p><\/div>    <div class=\"read-more-btn\">        <a target=\"_blank\" href=\"https:\/\/opdavinci.com\/ca\/artwork\/lo-barbut-03\/\" class=\"read-more-button\">M\u00e9s informaci\u00f3<\/a>    <\/div><\/div><div class=\"post-container\">    <div class=\"image-container\"><img decoding=\"async\" class=\"block-image\" src=\"https:\/\/opdavinci.com\/\/wp-content\/uploads\/2023\/08\/BARBUT-1-300x300.jpeg\">        <span class=\"category-tag left\"><\/span>    <\/div>    <div class=\"post-title\"  > <a href=\"https:\/\/opdavinci.com\/ca\/artwork\/lo-barbut-02\/\" class=\"title\">LO BARBUT (02)<\/a>    <\/div>    <div class=\"post-content\" ><p>Second linocut (etched from a linoleum plate) in black ink on 30g\/m2 Wenzhou Paper Pi, made from mulberry fiber (kozo). Size: 22 x 22 cm    <\/p><\/div>    <div class=\"read-more-btn\">        <a target=\"_blank\" href=\"https:\/\/opdavinci.com\/ca\/artwork\/lo-barbut-02\/\" class=\"read-more-button\">M\u00e9s informaci\u00f3<\/a>    <\/div><\/div><\/div><nav class=\"pagination center\"><span aria-current=\"page\" class=\"page-numbers current\">1<\/span><a class=\"page-numbers\" class=\"page-numbers\" href=\"https:\/\/opdavinci.com\/ca\/wp-json\/wp\/v2\/pages\/2031\/page\/2\/\">2<\/a><a class=\"page-numbers\" class=\"next page-numbers\" href=\"https:\/\/opdavinci.com\/ca\/wp-json\/wp\/v2\/pages\/2031\/page\/2\/\">Seg\u00fcent<\/a><\/nav><\/div>","protected":false},"excerpt":{"rendered":"","protected":false},"author":2,"featured_media":0,"parent":0,"menu_order":0,"comment_status":"closed","ping_status":"closed","template":"","meta":{"_acf_changed":false,"footnotes":""},"class_list":["post-2031","page","type-page","status-publish","hentry"],"acf":[],"featured_image_url":[],"post_author":"David Allende i Daroca","assigned_categories":"","_links":{"self":[{"href":"https:\/\/opdavinci.com\/ca\/wp-json\/wp\/v2\/pages\/2031","targetHints":{"allow":["GET"]}}],"collection":[{"href":"https:\/\/opdavinci.com\/ca\/wp-json\/wp\/v2\/pages"}],"about":[{"href":"https:\/\/opdavinci.com\/ca\/wp-json\/wp\/v2\/types\/page"}],"author":[{"embeddable":true,"href":"https:\/\/opdavinci.com\/ca\/wp-json\/wp\/v2\/users\/2"}],"replies":[{"embeddable":true,"href":"https:\/\/opdavinci.com\/ca\/wp-json\/wp\/v2\/comments?post=2031"}],"version-history":[{"count":23,"href":"https:\/\/opdavinci.com\/ca\/wp-json\/wp\/v2\/pages\/2031\/revisions"}],"predecessor-version":[{"id":4358,"href":"https:\/\/opdavinci.com\/ca\/wp-json\/wp\/v2\/pages\/2031\/revisions\/4358"}],"wp:attachment":[{"href":"https:\/\/opdavinci.com\/ca\/wp-json\/wp\/v2\/media?parent=2031"}],"curies":[{"name":"wp","href":"https:\/\/api.w.org\/{rel}","templated":true}]}}