{"id":2294,"date":"2023-05-15T09:59:00","date_gmt":"2023-05-15T09:59:00","guid":{"rendered":"https:\/\/opdavinci.com\/?page_id=2294"},"modified":"2026-03-21T16:51:47","modified_gmt":"2026-03-21T16:51:47","slug":"terms-of-service","status":"publish","type":"page","link":"https:\/\/opdavinci.com\/ca\/terms-of-service\/","title":{"rendered":"Termes del servei"},"content":{"rendered":"\n<h2 class=\"wp-block-heading\">Qui som<\/h2>\n\n\n\n<p><strong>Operaci\u00f3 da Vinci<\/strong> \u00e9s un projecte personal del <em>David Allende i Daroca<\/em>, no hi ha cap empresa o grup empresarial al darrere del projecte.<\/p>\n\n\n\n<p><a rel=\"noreferrer noopener\" href=\"https:\/\/allende-daroca.com\" target=\"_blank\">https:\/\/allende-daroca.com<\/a><br><a href=\"mailto:opdavinci@opdavinci.com\">opdavinci@opdavinci.com<\/a><\/p>\n\n\n\n<p>Qualsevol refer\u00e8ncia a <strong>Operaci\u00f3 da Vinci<\/strong> en aquest escrit es referir\u00e0 al projecte en s\u00ed, al web <strong>opdavinci.com<\/strong> o a <em>David Allende i Daroca<\/em>, com a propietari i gestor del mateix.<\/p>\n\n\n\n<h2 class=\"wp-block-heading\">Finalitat d&#8217;aquest web<\/h2>\n\n\n\n<p>Oferir un espai on els artistes puguin compartir les seves obres de manera desinteressada, desant-les a l&#8217;espai p\u00fablic, per a que les persones que les recullin les puguin gaudir lliurement.<\/p>\n\n\n\n<h2 class=\"wp-block-heading\">Artistes<\/h2>\n\n\n\n<p>S&#8217;ent\u00e9n per <em>alliberar una obra<\/em> pel fet de desar una obra a l&#8217;espai p\u00fablic amb la intenci\u00f3 de que alg\u00fa altre la trobi i se la pugui endur lliurement, sense demanar res a canvi.<\/p>\n\n\n\n<p><strong>L&#8217;artista que decideix participar del projecte <em>Operaci\u00f3 da Vinci<\/em>, <em>alliberant<\/em> una de les seves obres, accepta:<\/strong><\/p>\n\n\n\n<ul class=\"wp-block-list\">\n<li>Desar una de les seves obres d&#8217;art a l&#8217;espai p\u00fablic amb la intenci\u00f3 que alg\u00fa altre la trobi i se l&#8217;endugui per a gaudir-la lliurement. <\/li>\n\n\n\n<li>Que l&#8217;obra d&#8217;art que ha <em>alliberat <\/em>\u00e9s de la seva autoria i que no \u00e9s un plagi d\u2019una altra obra. <\/li>\n\n\n\n<li>Protegir l&#8217;obra d&#8217;art tan com calgui per a que no es pugui fer malb\u00e9, per exemple, pel mal temps.<\/li>\n\n\n\n<li>Registrar-se al web <strong>opdavinci.com<\/strong> facilitant el seu nom complet i el seu correu electr\u00f2nic de contacte funcional.<\/li>\n\n\n\n<li>Imprimir la carta que trobar\u00e0 en el formulari que ha d&#8217;omplir per a <em>alliberar <\/em>una obra i adjuntar-la a l&#8217;obra abans de desar-la a l&#8217;espai p\u00fablic.<\/li>\n\n\n\n<li>Facilitar una imatge real i actual de l&#8217;obra.<\/li>\n\n\n\n<li>Facilitar la seva geolocalitzaci\u00f3 per a indicar les coordenades on s&#8217;ha desat l&#8217;obra.<\/li>\n\n\n\n<li>Facilitar una descripci\u00f3 vera\u00e7 de l&#8217;obra d&#8217;art <em>alliberada<\/em>.<\/li>\n\n\n\n<li>No desar l&#8217;obra en espais d&#8217;acc\u00e9s prohibit.<\/li>\n\n\n\n<li>Desar l&#8217;obra en localitzacions accesibles per qualsevol persona.<\/li>\n\n\n\n<li>No desar l&#8217;obra en llocs que posen en perill a les persones que volen accedir a ella.<\/li>\n\n\n\n<li>Facilitar l&#8217;acc\u00e9s a l&#8217;obra a les persones amb movilitat redu\u00efda.<\/li>\n\n\n\n<li>Que la seva obra d&#8217;art pugui ser exposada p\u00fablicament si des d&#8217;<strong>Operaci\u00f3 da Vinci<\/strong> es decideix fer una exposici\u00f3 col\u00b7lectiva de les obres <em>alliberades<\/em>.<\/li>\n\n\n\n<li>Que participar en el projecte <strong>Operaci\u00f3 da Vinci<\/strong> comporta el risc a que la seva obra es pugui perdre, fer malb\u00e9 o patir vandalisme.<\/li>\n\n\n\n<li>Que <strong>Operaci\u00f3 da Vinci<\/strong> no es responsable del que li pugui passar a la seva obra en qualsevol fase del projecte.<\/li>\n<\/ul>\n\n\n\n<p><strong>L&#8217;artista que decideix participar del projecte <em>Operaci\u00f3 da Vinci<\/em>, <em>alliberant<\/em> una de les seves obres, renuncia a:<\/strong><\/p>\n\n\n\n<ul class=\"wp-block-list\">\n<li>Reclamar la devoluci\u00f3 de la seva obra d&#8217;art.<\/li>\n\n\n\n<li>Demanar una compensaci\u00f3 econ\u00f2mica de cap tipus.<\/li>\n\n\n\n<li>Reclamar cap responsabilitat a <strong>Operaci\u00f3 da Vinci<\/strong> si l&#8217;obra <em>alliberada <\/em>es malmet, ja sigui pel mal temps, per vandalisme o qualsevol altre motiu.<\/li>\n\n\n\n<li>Reclamar cap responsabilitat a <strong>Operaci\u00f3 da Vinci<\/strong> si l&#8217;obra <em>alliberada <\/em>acaba perduda per no haver sigut recollida per alguna altra persona.<\/li>\n\n\n\n<li>Reclamar cap responsabilitat a <strong>Operaci\u00f3 da Vinci<\/strong> si la persona que ha recollit l&#8217;obra se l&#8217;ha endut de manera incorrecta o sense facilitar un correu electr\u00f2nic de contacte funcional, perdent-se d&#8217;aquesta manera la tra\u00e7abilitat de l&#8217;obra.<\/li>\n<\/ul>\n\n\n\n<h2 class=\"wp-block-heading\">Persones que recullen una obra<\/h2>\n\n\n\n<p>S\u2019ent\u00e9n per\u00a0recollir una obra\u00a0pel fet d&#8217;agafar de l\u2019espai p\u00fablic una obra del projecte <strong>Operaci\u00f3 da Vinci<\/strong> amb la intenci\u00f3 d&#8217;endur-se-la lliurement per a gaudir-la, sense que se li demani res a canvi.<\/p>\n\n\n\n<p><strong>La persona que decideix participar recollint una obra del projecte <em>Operaci\u00f3 da Vinci<\/em>, accepta:<\/strong><\/p>\n\n\n\n<ul class=\"wp-block-list\">\n<li>Que l&#8217;obra d&#8217;art recollida no \u00e9s de la seva propietat, tant sols t\u00e9 el dret a gaudir-la tan com vulgui i el deure de cuidar-la tan com pugui per a que no es faci malb\u00e9.<\/li>\n\n\n\n<li>Que no pot vendre a tercers l&#8217;obra d&#8217;art que ha recollit.<\/li>\n\n\n\n<li>Que l&#8217;obra d&#8217;art recollida pugui participar d&#8217;una exposici\u00f3 col\u00b7lectiva si des d&#8217;<strong>Operaci\u00f3 da Vinci<\/strong> aix\u00ed es decideix, facilitant-ne la recollida i entrega de la mateixa.<\/li>\n\n\n\n<li>Que <strong>Operaci\u00f3 da Vinci<\/strong> no es responsable de res que pugui provocar l&#8217;obra que ha recollit.<\/li>\n<\/ul>\n\n\n\n<p><strong>La persona que decideix participar recollint una obra del projecte <em>Operaci\u00f3 da Vinci<\/em>, renuncia a:<\/strong><\/p>\n\n\n\n<ul class=\"wp-block-list\">\n<li>Demanar una compensaci\u00f3 econ\u00f2mica de cap tipus.<\/li>\n\n\n\n<li>Intentar treure algun tipus de benefici econ\u00f2mic de l&#8217;obra d&#8217;art recollida.<\/li>\n\n\n\n<li>Reclamar cap responsabilitat a <strong>Operaci\u00f3 da Vinci<\/strong> si l&#8217;obra recollida es malmet per qualsevol motiu.<\/li>\n<\/ul>\n\n\n\n<h2 class=\"wp-block-heading\">Operaci\u00f3 da Vinci<\/h2>\n\n\n\n<p>El projecte <strong>Operaci\u00f3 da Vinci<\/strong> i els seus gestors no s\u00f3n responsables de les obres que participin del pr\u00f2pi projecte, de les afectacions que puguin provocar o que pugui rebre. El web, projecte i gestors tan sols fan de passarel\u00b7la entre els artistes i les persones que volen gaudir de les seves obres d&#8217;art.<\/p>\n\n\n\n<p><strong>Operaci\u00f3 da Vinci<\/strong> no \u00e9s responsable de com, on i quan es desen les obres d&#8217;art a l&#8217;espai p\u00fablic ni d&#8217;all\u00f2 que pugui derivar-se&#8217;n del fet de voler accedir a aquestes obres.<\/p>\n\n\n\n<p>En cap cas des d&#8217;<strong>Operaci\u00f3 da Vinci<\/strong> es demanar\u00e0 compensaci\u00f3 econ\u00f2mica per participar en el projecte ni promour\u00e0 el pagament o cobrament de cap quantitat per part de ning\u00fa.<\/p>\n\n\n\n<div style=\"height:100px\" aria-hidden=\"true\" class=\"wp-block-spacer\"><\/div>\n\n\n\n<p>Consulteu el document <a href=\"https:\/\/opdavinci.com\/ca\/privacy-policy\/\">Pol\u00edtica de Privadesa<\/a>.<\/p>\n","protected":false},"excerpt":{"rendered":"<p>Qui som Operaci\u00f3 da Vinci \u00e9s un projecte personal del David Allende i Daroca, no hi ha cap empresa o grup empresarial al darrere del projecte. https:\/\/allende-daroca.comopdavinci@opdavinci.com Qualsevol refer\u00e8ncia a Operaci\u00f3 da Vinci en aquest escrit es referir\u00e0 al projecte en s\u00ed, al web opdavinci.com o a David Allende i Daroca, com a propietari i &hellip; <\/p>\n<p class=\"link-more\"><a href=\"https:\/\/opdavinci.com\/ca\/terms-of-service\/\" class=\"more-link\">Continua llegint <span class=\"screen-reader-text\">\u00abTermes del servei\u00bb<\/span><\/a><\/p>\n","protected":false},"author":2,"featured_media":0,"parent":0,"menu_order":0,"comment_status":"closed","ping_status":"closed","template":"","meta":{"_acf_changed":false,"footnotes":""},"class_list":["post-2294","page","type-page","status-publish","hentry"],"acf":[],"featured_image_url":[],"post_author":"David Allende i Daroca","assigned_categories":"","_links":{"self":[{"href":"https:\/\/opdavinci.com\/ca\/wp-json\/wp\/v2\/pages\/2294","targetHints":{"allow":["GET"]}}],"collection":[{"href":"https:\/\/opdavinci.com\/ca\/wp-json\/wp\/v2\/pages"}],"about":[{"href":"https:\/\/opdavinci.com\/ca\/wp-json\/wp\/v2\/types\/page"}],"author":[{"embeddable":true,"href":"https:\/\/opdavinci.com\/ca\/wp-json\/wp\/v2\/users\/2"}],"replies":[{"embeddable":true,"href":"https:\/\/opdavinci.com\/ca\/wp-json\/wp\/v2\/comments?post=2294"}],"version-history":[{"count":31,"href":"https:\/\/opdavinci.com\/ca\/wp-json\/wp\/v2\/pages\/2294\/revisions"}],"predecessor-version":[{"id":4274,"href":"https:\/\/opdavinci.com\/ca\/wp-json\/wp\/v2\/pages\/2294\/revisions\/4274"}],"wp:attachment":[{"href":"https:\/\/opdavinci.com\/ca\/wp-json\/wp\/v2\/media?parent=2294"}],"curies":[{"name":"wp","href":"https:\/\/api.w.org\/{rel}","templated":true}]}}