{"id":3,"date":"2022-11-30T09:31:00","date_gmt":"2022-11-30T09:31:00","guid":{"rendered":"http:\/\/opdavinci.com\/?page_id=3"},"modified":"2026-03-31T13:48:43","modified_gmt":"2026-03-31T13:48:43","slug":"privacy-policy","status":"publish","type":"page","link":"https:\/\/opdavinci.com\/ca\/privacy-policy\/","title":{"rendered":"Pol\u00edtica de privadesa"},"content":{"rendered":"\n<h2 class=\"wp-block-heading\">Qui som<\/h2>\n\n\n\n<p><strong>Operaci\u00f3 da Vinci<\/strong> \u00e9s un projecte personal del <em>David Allende i Daroca<\/em>, no hi ha cap empresa o grup empresarial al darrere del projecte.<\/p>\n\n\n\n<p><a rel=\"noreferrer noopener\" href=\"https:\/\/allende-daroca.com\" target=\"_blank\">https:\/\/allende-daroca.com<\/a><br><a href=\"mailto:opdavinci@opdavinci.com\">opdavinci@opdavinci.com<\/a><\/p>\n\n\n\n<p>Qualsevol refer\u00e8ncia a <strong>Operaci\u00f3 da Vinci<\/strong> en aquest escrit es referir\u00e0 al projecte en si, al web <strong>opdavinci.com<\/strong> o a <em>David Allende i Daroca<\/em>, com a propietari i gestor d&#8217;aquest.<\/p>\n\n\n\n<h2 class=\"wp-block-heading\">Finalitat d&#8217;aquest web<\/h2>\n\n\n\n<p>Oferir un espai on els artistes puguin compartir les seves obres de manera desinteressada, desant-les a l&#8217;espai p\u00fablic, perqu\u00e8 les persones que les recullin les puguin gaudir lliurement.<\/p>\n\n\n\n<h2 class=\"wp-block-heading\">Quin \u00fas en fem de les vostres dades?<\/h2>\n\n\n\n<p>En cap cas s&#8217;utilitzar\u00e0 la informaci\u00f3 personal recollida al nostre web per a finalitats comercials ni ser\u00e0 compartida amb ning\u00fa altre.<\/p>\n\n\n\n<p>Els artistes que volen compartir una obra d&#8217;art cal que es registrin facilitant el seu nom complet i un correu electr\u00f2nic, amb la finalitat de poder identificar de manera fiable la persona que <em>allibera<\/em> una obra.<\/p>\n\n\n\n<p>A les persones que recullen una obra d&#8217;art que ha sigut desada a l&#8217;espai p\u00fablic per un artista registrat a <strong>opdavinci.com<\/strong> nom\u00e9s se&#8217;ls demana que ens etiquetin de forma volunt\u00e0ria a <em>Instagram<\/em> (<strong>@<em>opdavinci<\/em><\/strong>) o envi\u00efn un correu a <em>opdavinci@opdavinci.com<\/em> amb la intenci\u00f3 de notificar la recollida i mirar de que no es perdi la tra\u00e7abilitat d&#8217;una obra.<\/p>\n\n\n\n<h2 class=\"wp-block-heading\">Quins drets teniu sobre les obres <em>alliberades<\/em> o recollides?<\/h2>\n\n\n\n<p>Consulteu els <a href=\"https:\/\/opdavinci.com\/ca\/terms-of-service\/\" data-type=\"URL\" data-id=\"\/ca\/termes-del-servei\">Termes del servei<\/a>.<\/p>\n\n\n\n<h2 class=\"wp-block-heading\">Quins drets teniu sobre les vostres dades?<\/h2>\n\n\n\n<p>Per als usuaris que es registren al nostre lloc web, emmagatzemem la informaci\u00f3 personal que proporcionen al seu perfil d&#8217;usuari.&nbsp;Tots els usuaris poden veure, editar o suprimir la seva informaci\u00f3 personal en qualsevol moment (excepte que no poden canviar el seu nom d&#8217;usuari).&nbsp;Els administradors del lloc web tamb\u00e9 poden veure i editar aquesta informaci\u00f3.<\/p>\n\n\n\n<p>Si teniu un compte en aquest lloc, podeu sol\u00b7licitar que esborrem les dades personals que tenim sobre vosaltres.&nbsp;Aix\u00f2 no inclou cap dada que estem obligats a conservar amb finalitats administratives, legals o de seguretat.<\/p>\n\n\n\n<h2 class=\"wp-block-heading\">Restabliment de la contrasenya<\/h2>\n\n\n\n<p>Si sol\u00b7liciteu un restabliment de la contrasenya, la vostra adre\u00e7a IP s&#8217;inclour\u00e0 en el correu electr\u00f2nic de restabliment.<\/p>\n\n\n\n<h2 class=\"wp-block-heading\">Pagaments<\/h2>\n\n\n\n<p>No s&#8217;efectua cap pagament en cap proc\u00e9s d&#8217;aquest projecte.<\/p>\n\n\n\n<h2 class=\"wp-block-heading\">Cookies<\/h2>\n\n\n\n<p>Si visiteu la nostra p\u00e0gina d&#8217;inici de sessi\u00f3, establirem una <em>cookie <\/em>temporal per determinar si el vostre navegador accepta <em>cookies<\/em>.&nbsp;Aquesta <em>cookie <\/em>no cont\u00e9 dades personals i es descarta quan tanqueu el navegador.<\/p>\n\n\n\n<p>Quan inicieu sessi\u00f3, tamb\u00e9 configurarem diverses <em>cookies <\/em>per desar la vostra informaci\u00f3 d&#8217;inici de sessi\u00f3 i les vostres opcions de visualitzaci\u00f3 de la pantalla.&nbsp;Les <em>cookies <\/em>d&#8217;inici de sessi\u00f3 duren dos dies i les d&#8217;opcions de pantalla un any.&nbsp;Si seleccioneu &#8220;Recorda&#8217;m&#8221;, el vostre inici de sessi\u00f3 es mantindr\u00e0 durant dues setmanes.&nbsp;Si tanqueu la sessi\u00f3 del vostre compte, les <em>cookies <\/em>d&#8217;inici de sessi\u00f3 s&#8217;eliminaran.<\/p>\n\n\n\n<p>Si editeu o publiqueu un article, es desar\u00e0 una <em>cookie <\/em>addicional al vostre navegador.&nbsp;Aquesta <em>cookie <\/em>no inclou dades personals i simplement indica l&#8217;ID de publicaci\u00f3 de l&#8217;article que acabeu d&#8217;editar.&nbsp;Caduca al cap d&#8217;un dia.<\/p>\n","protected":false},"excerpt":{"rendered":"<p>Qui som Operaci\u00f3 da Vinci \u00e9s un projecte personal del David Allende i Daroca, no hi ha cap empresa o grup empresarial al darrere del projecte. https:\/\/allende-daroca.comopdavinci@opdavinci.com Qualsevol refer\u00e8ncia a Operaci\u00f3 da Vinci en aquest escrit es referir\u00e0 al projecte en si, al web opdavinci.com o a David Allende i Daroca, com a propietari i &hellip; <\/p>\n<p class=\"link-more\"><a href=\"https:\/\/opdavinci.com\/ca\/privacy-policy\/\" class=\"more-link\">Continua llegint <span class=\"screen-reader-text\">\u00abPol\u00edtica de privadesa\u00bb<\/span><\/a><\/p>\n","protected":false},"author":2,"featured_media":0,"parent":0,"menu_order":0,"comment_status":"closed","ping_status":"closed","template":"","meta":{"_acf_changed":false,"footnotes":""},"class_list":["post-3","page","type-page","status-publish","hentry"],"acf":[],"featured_image_url":[],"post_author":"David Allende i Daroca","assigned_categories":"","_links":{"self":[{"href":"https:\/\/opdavinci.com\/ca\/wp-json\/wp\/v2\/pages\/3","targetHints":{"allow":["GET"]}}],"collection":[{"href":"https:\/\/opdavinci.com\/ca\/wp-json\/wp\/v2\/pages"}],"about":[{"href":"https:\/\/opdavinci.com\/ca\/wp-json\/wp\/v2\/types\/page"}],"author":[{"embeddable":true,"href":"https:\/\/opdavinci.com\/ca\/wp-json\/wp\/v2\/users\/2"}],"replies":[{"embeddable":true,"href":"https:\/\/opdavinci.com\/ca\/wp-json\/wp\/v2\/comments?post=3"}],"version-history":[{"count":18,"href":"https:\/\/opdavinci.com\/ca\/wp-json\/wp\/v2\/pages\/3\/revisions"}],"predecessor-version":[{"id":4504,"href":"https:\/\/opdavinci.com\/ca\/wp-json\/wp\/v2\/pages\/3\/revisions\/4504"}],"wp:attachment":[{"href":"https:\/\/opdavinci.com\/ca\/wp-json\/wp\/v2\/media?parent=3"}],"curies":[{"name":"wp","href":"https:\/\/api.w.org\/{rel}","templated":true}]}}