{"id":1987,"date":"2023-05-08T15:31:25","date_gmt":"2023-05-08T15:31:25","guid":{"rendered":"https:\/\/opdavinci.com\/?page_id=1987"},"modified":"2026-03-31T15:31:36","modified_gmt":"2026-03-31T15:31:36","slug":"home","status":"publish","type":"page","link":"https:\/\/opdavinci.com\/es\/","title":{"rendered":"HOME"},"content":{"rendered":"<div class=\"wp-block-image\">\n<figure class=\"aligncenter size-medium is-resized\"><img loading=\"lazy\" decoding=\"async\" width=\"300\" height=\"300\" src=\"https:\/\/opdavinci.com\/\/wp-content\/uploads\/2023\/04\/DAVINCIv5-300x300.png\" alt=\"\" class=\"wp-image-1403\" style=\"width:220px;height:auto\" srcset=\"https:\/\/opdavinci.com\/\/wp-content\/uploads\/2023\/04\/DAVINCIv5-300x300.png 300w, https:\/\/opdavinci.com\/\/wp-content\/uploads\/2023\/04\/DAVINCIv5-150x150.png 150w, https:\/\/opdavinci.com\/\/wp-content\/uploads\/2023\/04\/DAVINCIv5-768x768.png 768w, https:\/\/opdavinci.com\/\/wp-content\/uploads\/2023\/04\/DAVINCIv5.png 1024w\" sizes=\"auto, (max-width: 300px) 100vw, 300px\" \/><\/figure>\n<\/div>\n\n\n<h1 class=\"wp-block-heading has-text-align-center ticss-91c7e4fd\"><strong>Operaci\u00f3n da Vinci<\/strong>,<br>un proyecto donde los artistas pueden liberar sus obras para ser encontradas. Geocaching arte<\/h1>\n\n\n\n<p class=\"has-text-align-center home-title\">\u00a1An\u00edmate!<\/p>\n\n\n\n<p class=\"has-text-align-center home-subtitle\">\u00a1Libera una de tus obras!<\/p>\n\n\n\n<h2 class=\"wp-block-heading\">\u00faltimas obras liberadas<\/h2>\n\n\n\n<p>[opdvnc-artwork-slider]<\/p>\n\n\n\n<h2 class=\"wp-block-heading\">geolocalizaciones<\/h2>\n\n\n\n<p>[opdvnc-home-map]<\/p>\n\n\n\n<figure class=\"wp-block-image size-full\"><img loading=\"lazy\" decoding=\"async\" width=\"1000\" height=\"2413\" src=\"https:\/\/opdavinci.com\/\/wp-content\/uploads\/2026\/03\/INFOGRAFIA_v2_ESP.jpg\" alt=\"\" class=\"wp-image-4212\" srcset=\"https:\/\/opdavinci.com\/\/wp-content\/uploads\/2026\/03\/INFOGRAFIA_v2_ESP.jpg 1000w, https:\/\/opdavinci.com\/\/wp-content\/uploads\/2026\/03\/INFOGRAFIA_v2_ESP-124x300.jpg 124w, https:\/\/opdavinci.com\/\/wp-content\/uploads\/2026\/03\/INFOGRAFIA_v2_ESP-424x1024.jpg 424w, https:\/\/opdavinci.com\/\/wp-content\/uploads\/2026\/03\/INFOGRAFIA_v2_ESP-768x1853.jpg 768w, https:\/\/opdavinci.com\/\/wp-content\/uploads\/2026\/03\/INFOGRAFIA_v2_ESP-637x1536.jpg 637w, https:\/\/opdavinci.com\/\/wp-content\/uploads\/2026\/03\/INFOGRAFIA_v2_ESP-849x2048.jpg 849w\" sizes=\"auto, (max-width: 706px) 89vw, (max-width: 767px) 82vw, 740px\" \/><\/figure>\n\n\n\n<div class=\"wp-block-columns is-layout-flex wp-container-core-columns-is-layout-9d6595d7 wp-block-columns-is-layout-flex\">\n<div class=\"wp-block-column is-vertically-aligned-bottom is-layout-flow wp-block-column-is-layout-flow\" style=\"flex-basis:50%\">\n<p class=\"has-text-align-center ticss-f3c9f510\">\u00bfQuieres ver todas las obras que han sido liberadas?<\/p>\n\n\n\n<div class=\"wp-block-buttons ticss-ca6264fb is-content-justification-center is-layout-flex wp-container-core-buttons-is-layout-64b26803 wp-block-buttons-is-layout-flex\">\n<div class=\"wp-block-button is-style-fill ticss-1f51bdcc\"><a class=\"wp-block-button__link has-background wp-element-button\" href=\"https:\/\/opdavinci.com\/es\/artworks-list\/\" style=\"border-radius:0px;background-color:#a63e3b\">OBRAS<\/a><\/div>\n<\/div>\n<\/div>\n\n\n\n<div class=\"wp-block-column is-vertically-aligned-bottom is-layout-flow wp-block-column-is-layout-flow\" style=\"flex-basis:50%\">\n<p class=\"has-text-align-center ticss-f3c9f510\">\u00bfQuieres conocer a todos los artistas que participan?<\/p>\n\n\n\n<div class=\"wp-block-buttons ticss-ca6264fb is-content-justification-center is-layout-flex wp-container-core-buttons-is-layout-64b26803 wp-block-buttons-is-layout-flex\">\n<div class=\"wp-block-button is-style-fill ticss-1f51bdcc\"><a class=\"wp-block-button__link has-background has-text-align-center wp-element-button\" href=\"https:\/\/opdavinci.com\/es\/authors-list\/\" style=\"border-radius:0px;background-color:#a63e3b\">ARTISTAS<\/a><\/div>\n<\/div>\n<\/div>\n<\/div>\n\n\n\n<div style=\"height:100px\" aria-hidden=\"true\" class=\"wp-block-spacer\"><\/div>\n\n\n\n<h1 class=\"wp-block-heading has-x-large-font-size\">F.A.Q.<\/h1>\n\n\n\n<h2 class=\"wp-block-heading has-text-color\" style=\"color:#a63e3b\">\u00bf Qu\u00e9 se entiende por&nbsp;<em>liberar<\/em>&nbsp;una obra?<\/h2>\n\n\n\n<p>Por el hecho de guardar una obra en el espacio p\u00fablico con la intenci\u00f3n de que alguien la encuentre y se la pueda llevar libremente, sin pedir nada a cambio.<\/p>\n\n\n\n<h2 class=\"wp-block-heading has-text-color\" style=\"color:#a63e3b\">\u00bfCu\u00e1l es el proceso que debo seguir para&nbsp;<em>liberar<\/em>&nbsp;a una?<\/h2>\n\n\n\n<ol class=\"wp-block-list\">\n<li>Es necesario que te registres como usuario. Puedes hacerlo <a href=\"https:\/\/opdavinci.com\/wp-login.php?action=register&#038;lang=es\"><strong>aqu\u00ed<\/strong><\/a>.<\/li>\n\n\n\n<li>A\u00f1ade la informaci\u00f3n de tu obra e imprime la carta que deber\u00e1s adjuntar.<\/li>\n\n\n\n<li>Protege tu obra del mal tiempo ya que la dejar\u00e1s en el espacio p\u00fablico y no queremos que se estropee.&nbsp;Adj\u00fantale la carta.&nbsp;En esta carta se explica el proyecto&nbsp;&nbsp;<strong>#opdavinci<\/strong>&nbsp;&nbsp;y explica que hacer si encontramos la obra.<\/li>\n\n\n\n<li>Despl\u00e1zate al sitio que ten\u00edas pensado y esconde tu obra.&nbsp;A trav\u00e9s del m\u00f3vil, abre&nbsp;<strong>opdavinci.com<\/strong>&nbsp;y geolocal\u00edzala.<\/li>\n\n\n\n<li>Ahora que has salido de casa y ya has acabado, aprovecha y queda con alg\u00fan amigo o amiga y tomaos un caf\u00e9 juntos.<\/li>\n<\/ol>\n\n\n\n<p>Consulta esta p\u00e1gina:&nbsp;<a href=\"https:\/\/opdavinci.com\/es\/liberar-obra\/\" data-type=\"page\" data-id=\"1088\"><strong>liberar obra<\/strong><\/a><\/p>\n\n\n\n<h2 class=\"wp-block-heading has-text-color\" style=\"color:#a63e3b\">\u00bfCual es el mejor sitio donde dejarla?<\/h2>\n\n\n\n<p>\u00a1Imaginaci\u00f3n al poder!&nbsp;\u00a1Que somos creativos!&nbsp;Yo recomiendo no dejarla demasiado a la vista para no aumentar las probabilidades de que se la lleve alguien que despu\u00e9s no comunique la recogida (perdi\u00e9ndose as\u00ed la trazabilidad de la obra).&nbsp;Tampoco te pases escondi\u00e9ndola.<\/p>\n\n\n\n<p>Te pido que el lugar que elijas sea de f\u00e1cil y libre acceso, que no ponga en peligro a las personas que quiere recogerla y a poder ser que las personas con movilidad reducida tambi\u00e9n puedan llegar.<\/p>\n\n\n\n<h2 class=\"wp-block-heading has-text-color\" style=\"color:#a63e3b\">\u00bfPuedo&nbsp;<em>liberar<\/em>&nbsp;una obra que no sea de mi autor\u00eda?<\/h2>\n\n\n\n<p>No, el autor o autora de las obras <em>liberadas<\/em> debe ser la persona que las <em>libera<\/em>.&nbsp;No olvides, que estamos compartiendo nuestras creaciones, nuestro arte.<\/p>\n\n\n\n<h2 class=\"wp-block-heading has-text-color\" style=\"color:#a63e3b\">Y cuando alguien encuentra nuestra obra, \u00bfqu\u00e9?<\/h2>\n\n\n\n<p>En la carta que hemos adjuntado a nuestra obra se explica el proyecto.\u00a0En \u00e9sta se pide a la persona que ha encontrado la obra que, si decide llev\u00e1rsela, nos etiquete en <em>Instagram <\/em>(@<em>opdavinci<\/em>) o nos env\u00ede un correo a <em>opdavinci@opdavinci.com<\/em> para notificar la recogida.<\/p>\n\n\n\n<h2 class=\"wp-block-heading has-text-color\" style=\"color:#a63e3b\">Necesito m\u00e1s informaci\u00f3n sobre a qu\u00e9 me comprometo si quiero participar en el proyecto&nbsp;<strong>Operaci\u00f3n da Vinci<\/strong>&nbsp;.&nbsp;\u00bfD\u00f3nde puedo consultarlo?<\/h2>\n\n\n\n<p>No hay ning\u00fan compromiso ni ninguna intenci\u00f3n comercial ni ninguna jugada por detr\u00e1s.&nbsp;Este proyecto s\u00f3lo quiere que aquellos creativos\/artistas que quieran puedan compartir sus obras sin esperar nada a cambio.<\/p>\n\n\n\n<p>Sin embargo, si lo deseas, puedes consultar los&nbsp;<a href=\"https:\/\/opdavinci.com\/es\/terms-of-service\/\" data-type=\"page\" data-id=\"2292\">T\u00e9rminos del servicio<\/a>&nbsp;y la&nbsp;<a href=\"https:\/\/opdavinci.com\/es\/privacy-policy\/\" data-type=\"page\" data-id=\"1237\">Pol\u00edtica de privacidad<\/a>&nbsp;.<\/p>\n\n\n\n<div style=\"height:100px\" aria-hidden=\"true\" class=\"wp-block-spacer\"><\/div>\n\n\n\n<div class=\"wp-block-columns linkedin is-layout-flex wp-container-core-columns-is-layout-9d6595d7 wp-block-columns-is-layout-flex\">\n<div class=\"wp-block-column cita-home is-layout-flow wp-block-column-is-layout-flow\" style=\"flex-basis:50%\">\n<p class=\"usuari\"><a rel=\"noreferrer noopener\" href=\"https:\/\/www.linkedin.com\/in\/thalix\/\" target=\"_blank\">Thal\u00eda Hern\u00e1ndez Monroy<\/a><br>TH Dise\u00f1o-Publicidad<\/p>\n\n\n\n<p class=\"pregunta\">Hago Fotografia..<\/p>\n\n\n\n<p class=\"david\">David Allende (<strong>OpDavinci.com<\/strong>):<\/p>\n\n\n\n<p class=\"resposta\">Si te apetece participar del proyecto, con una fotograf\u00eda tambi\u00e9n podr\u00edas! Est\u00e1 pensado para cualquier expresi\u00f3n art\u00edstica. \ud83d\ude1c\ud83d\ude1c<\/p>\n<\/div>\n\n\n\n<div class=\"wp-block-column cita-home is-layout-flow wp-block-column-is-layout-flow\" style=\"flex-basis:50%\">\n<p class=\"usuari\"><a href=\"https:\/\/www.linkedin.com\/in\/ketherdigital\/\" target=\"_blank\" rel=\"noreferrer noopener\">Marcela Torres<\/a><br>Director de arte en Kether Art Design<\/p>\n\n\n\n<p class=\"pregunta\">Soy dise\u00f1adora gr\u00e1fica \ud83d\udda4 directora de arte. &#8230;&#8230;<\/p>\n\n\n\n<p class=\"david\">David Allende (<strong>OpDavinci.com<\/strong>):<\/p>\n\n\n\n<p class=\"resposta\">Yo he sido dise\u00f1ador gr\u00e1fico varios a\u00f1os tambi\u00e9n. Como creativos que somos siempre estamos \u201ctonteando\u201d con multitud de expresiones art\u00edsticas. Si es tu caso, an\u00edmate a participar con alguna de tus creaciones! \ud83d\ude1c O, te imaginas compartir uno de esos carteles de los que te sientes orgullosa para que quien lo encuentre se lo pueda enmarcar? No ser\u00eda igual de interesante? \ud83d\ude43 Aqu\u00ed cabemos todos los artistas\/creativos.<\/p>\n<\/div>\n<\/div>\n","protected":false},"excerpt":{"rendered":"<p>Operaci\u00f3n da Vinci,un proyecto donde los artistas pueden liberar sus obras para ser encontradas. Geocaching arte \u00a1An\u00edmate! \u00a1Libera una de tus obras! \u00faltimas obras liberadas [opdvnc-artwork-slider] geolocalizaciones [opdvnc-home-map] \u00bfQuieres ver todas las obras que han sido liberadas? \u00bfQuieres conocer a todos los artistas que participan? F.A.Q. \u00bf Qu\u00e9 se entiende por&nbsp;liberar&nbsp;una obra? Por el hecho &hellip; <\/p>\n<p class=\"link-more\"><a href=\"https:\/\/opdavinci.com\/es\/\" class=\"more-link\">Continuar leyendo<span class=\"screen-reader-text\"> \u00abHOME\u00bb<\/span><\/a><\/p>\n","protected":false},"author":2,"featured_media":0,"parent":0,"menu_order":0,"comment_status":"closed","ping_status":"closed","template":"","meta":{"_acf_changed":false,"footnotes":""},"class_list":["post-1987","page","type-page","status-publish","hentry"],"acf":[],"featured_image_url":[],"post_author":"David Allende i Daroca","assigned_categories":"","_links":{"self":[{"href":"https:\/\/opdavinci.com\/es\/wp-json\/wp\/v2\/pages\/1987","targetHints":{"allow":["GET"]}}],"collection":[{"href":"https:\/\/opdavinci.com\/es\/wp-json\/wp\/v2\/pages"}],"about":[{"href":"https:\/\/opdavinci.com\/es\/wp-json\/wp\/v2\/types\/page"}],"author":[{"embeddable":true,"href":"https:\/\/opdavinci.com\/es\/wp-json\/wp\/v2\/users\/2"}],"replies":[{"embeddable":true,"href":"https:\/\/opdavinci.com\/es\/wp-json\/wp\/v2\/comments?post=1987"}],"version-history":[{"count":162,"href":"https:\/\/opdavinci.com\/es\/wp-json\/wp\/v2\/pages\/1987\/revisions"}],"predecessor-version":[{"id":4524,"href":"https:\/\/opdavinci.com\/es\/wp-json\/wp\/v2\/pages\/1987\/revisions\/4524"}],"wp:attachment":[{"href":"https:\/\/opdavinci.com\/es\/wp-json\/wp\/v2\/media?parent=1987"}],"curies":[{"name":"wp","href":"https:\/\/api.w.org\/{rel}","templated":true}]}}