{"id":2294,"date":"2023-05-15T09:59:00","date_gmt":"2023-05-15T09:59:00","guid":{"rendered":"https:\/\/opdavinci.com\/?page_id=2294"},"modified":"2026-03-21T16:51:47","modified_gmt":"2026-03-21T16:51:47","slug":"terms-of-service","status":"publish","type":"page","link":"https:\/\/opdavinci.com\/es\/terms-of-service\/","title":{"rendered":"T\u00e9rminos del servicio"},"content":{"rendered":"\n<h2 class=\"wp-block-heading\">Qui\u00e9nes somos<\/h2>\n\n\n\n<p><strong>Operaci\u00f3n da Vinci<\/strong>&nbsp;es un proyecto personal de&nbsp;<em>David Allende i Daroca<\/em>&nbsp;, no hay ninguna empresa o grupo empresarial detr\u00e1s del proyecto.<\/p>\n\n\n\n<p><a rel=\"noreferrer noopener\" href=\"https:\/\/allende-daroca.com\" target=\"_blank\">https:\/\/allende-daroca.com<\/a><br><a href=\"mailto:opdavinci@opdavinci.com\">opdavinci@opdavinci.com<\/a><\/p>\n\n\n\n<p>Cualquier referencia a&nbsp;<strong>Operaci\u00f3n da Vinci<\/strong>&nbsp;en este escrito se referir\u00e1 al proyecto en s\u00ed, a la web&nbsp;<strong>opdavinci.com<\/strong>&nbsp;o a&nbsp;<em>David Allende i Daroca<\/em>&nbsp;, como propietario y gestor del mismo.<\/p>\n\n\n\n<h2 class=\"wp-block-heading\">Finalidad de esta web<\/h2>\n\n\n\n<p>Ofrecer un espacio donde los artistas puedan compartir sus obras de forma desinteresada, dej\u00e1ndolas en el espacio p\u00fablico, para que las personas que las recojan puedan disfrutarlas libremente.<\/p>\n\n\n\n<h2 class=\"wp-block-heading\">Artistas<\/h2>\n\n\n\n<p>Se entiende por&nbsp;<em>liberar una obra<\/em>&nbsp;por el hecho de dejar una obra en el espacio p\u00fablico con la intenci\u00f3n de que alguien la encuentre y se la pueda llevar libremente, sin pedir nada a cambio.<\/p>\n\n\n\n<p><strong>El artista que decide participar del proyecto&nbsp;<em>Operaci\u00f3n da Vinci<\/em>,&nbsp;<em>liberando<\/em>&nbsp;una de sus obras, acepta:<\/strong><\/p>\n\n\n\n<ul class=\"wp-block-list\">\n<li>Dejar una de sus obras de arte en el espacio p\u00fablico con la intenci\u00f3n de que alguien la encuentre y se la lleve para disfrutarla libremente.<\/li>\n\n\n\n<li>Que la obra de arte que ha&nbsp;<em>liberado<\/em>&nbsp;es de su autor\u00eda y no es un plagio de otra obra.<\/li>\n\n\n\n<li>Proteger la obra de arte tanto como sea necesario para que no se pueda estropear, por ejemplo, por el mal tiempo.<\/li>\n\n\n\n<li>Registrarse en la web&nbsp;<strong>opdavinci.com<\/strong>&nbsp;facilitando su nombre completo y un correo electr\u00f3nico funcional de contacto.<\/li>\n\n\n\n<li>Imprimir la carta que encontrar\u00e1 en el formulario que debe rellenar para&nbsp;<em>liberar<\/em>&nbsp;una obra y adjuntarla a la obra antes de dejarla en el espacio p\u00fablico.<\/li>\n\n\n\n<li>Facilitar una imagen real y actual de la obra.<\/li>\n\n\n\n<li>Facilitar su geolocalizaci\u00f3n para indicar las coordenadas en las que se ha dejado la obra.<\/li>\n\n\n\n<li>Facilitar una descripci\u00f3n veraz de la obra de arte&nbsp;<em>liberada<\/em>&nbsp;.<\/li>\n\n\n\n<li>No dejar la obra en espacios de acceso prohibido.<\/li>\n\n\n\n<li>Dejar la obra en localizaciones accesibles para cualquier persona.<\/li>\n\n\n\n<li>No dejar la obra en lugares que pongan en peligro a las personas que desean acceder a ella.<\/li>\n\n\n\n<li>Facilitar el acceso a la obra a personas con movilidad reducida.<\/li>\n\n\n\n<li>Que su obra de arte pueda ser expuesta p\u00fablicamente si desde\u00a0<strong>Operaci\u00f3n da Vinci<\/strong>\u00a0se decide hacer una exposici\u00f3n colectiva de las obras\u00a0<em>liberadas<\/em>\u00a0.<\/li>\n\n\n\n<li>Que participar en el proyecto&nbsp;<strong>Operaci\u00f3n da Vinci<\/strong>&nbsp;comporta el riesgo de que su obra se pueda perder, estropear o sufrir vandalismo.<\/li>\n\n\n\n<li>Que&nbsp;<strong>Operaci\u00f3n da Vinci<\/strong>&nbsp;no es responsable de lo que le pueda ocurrir en su obra en cualquier fase del proyecto.<\/li>\n<\/ul>\n\n\n\n<p><strong>El artista que decide participar del proyecto&nbsp;<em>Operaci\u00f3n da Vinci<\/em>&nbsp;,&nbsp;<em>liberando<\/em>&nbsp;una de sus obras, renuncia a:<\/strong><\/p>\n\n\n\n<ul class=\"wp-block-list\">\n<li>Reclamar la devoluci\u00f3n de su obra de arte.<\/li>\n\n\n\n<li>Pedir una compensaci\u00f3n econ\u00f3mica de ning\u00fan tipo.<\/li>\n\n\n\n<li>Reclamar ninguna responsabilidad a&nbsp;<strong>Operaci\u00f3n da Vinci<\/strong>&nbsp;si la obra&nbsp;<em>liberada<\/em>&nbsp;se estropea, ya sea por el mal tiempo, por vandalismo o cualquier otro motivo.<\/li>\n\n\n\n<li>Reclamar ninguna responsabilidad a&nbsp;<strong>Operaci\u00f3n da Vinci<\/strong>&nbsp;si la obra&nbsp;<em>liberada<\/em>&nbsp;acaba perdida por no haber sido recogida por otra persona.<\/li>\n\n\n\n<li>Reclamar ninguna responsabilidad a&nbsp;<strong>Operaci\u00f3n da Vinci<\/strong>&nbsp;si la persona que ha recogido la obra se la ha llevado de forma incorrecta o sin facilitar un correo electr\u00f3nico funcional de contacto, perdi\u00e9ndose de esta forma la trazabilidad de la obra.<\/li>\n<\/ul>\n\n\n\n<h2 class=\"wp-block-heading\">Personas que recogen una obra<\/h2>\n\n\n\n<p>Se entiende por recoger una obra por el hecho de coger del espacio p\u00fablico una obra del proyecto&nbsp;<strong>Operaci\u00f3n da Vinci<\/strong>&nbsp;con la intenci\u00f3n de llev\u00e1rsela libremente para disfrutarla, sin que se le pida nada a cambio.<\/p>\n\n\n\n<p><strong>La persona que decide participar recogiendo una obra del proyecto&nbsp;<em>Operaci\u00f3n da Vinci<\/em>&nbsp;, acepta:<\/strong><\/p>\n\n\n\n<ul class=\"wp-block-list\">\n<li>Que la obra de arte recogida no es de su propiedad, s\u00f3lo tiene el derecho a disfrutarla todo lo que quiera y el deber de cuidarla en la medida de lo posible para que no se estropee.<\/li>\n\n\n\n<li>Que no puede vender a terceros la obra de arte que ha recogido.<\/li>\n\n\n\n<li>Que la obra de arte recogida pueda participar de una exposici\u00f3n colectiva si desde&nbsp;<strong>Operaci\u00f3n da Vinci<\/strong>&nbsp;as\u00ed se decide, facilitando la recogida y entrega de la misma.<\/li>\n\n\n\n<li>Que&nbsp;<strong>Operaci\u00f3n da Vinci<\/strong>&nbsp;no es responsable de nada que pueda provocar la obra que ha recogido.<\/li>\n<\/ul>\n\n\n\n<p><strong>La persona que decide participar recogiendo una obra del proyecto&nbsp;<em>Operaci\u00f3n da Vinci<\/em>&nbsp;, renuncia a:<\/strong><\/p>\n\n\n\n<ul class=\"wp-block-list\">\n<li>Pedir una compensaci\u00f3n econ\u00f3mica de ning\u00fan tipo.<\/li>\n\n\n\n<li>Intentar sacar alg\u00fan tipo de beneficio econ\u00f3mico de la obra de arte recogida.<\/li>\n\n\n\n<li>Reclamar ninguna responsabilidad a&nbsp;<strong>Operaci\u00f3n da Vinci<\/strong>&nbsp;si la obra recogida se estropea por cualquier motivo.<\/li>\n<\/ul>\n\n\n\n<h2 class=\"wp-block-heading\">Operaci\u00f3n da Vinci<\/h2>\n\n\n\n<p>Proyecto&nbsp;<strong>Operaci\u00f3n da Vinci<\/strong>&nbsp;y sus gestores no son responsables de las obras que participen del propio proyecto, de las afectaciones que puedan provocar o que pueda recibir.&nbsp;La web, el proyecto en s\u00ed y gestores s\u00f3lo hacen de pasarela entre los artistas y las personas que quieren disfrutar de sus obras de arte.<\/p>\n\n\n\n<p><strong>Operaci\u00f3n da Vinci<\/strong>&nbsp;no es responsable de c\u00f3mo, d\u00f3nde y cu\u00e1ndo se dejan las obras de arte en el espacio p\u00fablico ni de lo que pueda derivarse del hecho de querer acceder a estas obras.<\/p>\n\n\n\n<p>En ning\u00fan caso desde&nbsp;<strong>Operaci\u00f3n da Vinci<\/strong>&nbsp;se pedir\u00e1 compensaci\u00f3n econ\u00f3mica por participar en el proyecto ni promover\u00e1 el pago o cobro de cantidad alguna por parte de nadie.<\/p>\n\n\n\n<div style=\"height:100px\" aria-hidden=\"true\" class=\"wp-block-spacer\"><\/div>\n\n\n\n<p>Consulte el documento&nbsp;<a href=\"https:\/\/opdavinci.com\/es\/privacy-policy\/\" data-type=\"page\" data-id=\"1237\">Pol\u00edtica de privacidad<\/a>.<\/p>\n","protected":false},"excerpt":{"rendered":"<p>Qui\u00e9nes somos Operaci\u00f3n da Vinci&nbsp;es un proyecto personal de&nbsp;David Allende i Daroca&nbsp;, no hay ninguna empresa o grupo empresarial detr\u00e1s del proyecto. https:\/\/allende-daroca.comopdavinci@opdavinci.com Cualquier referencia a&nbsp;Operaci\u00f3n da Vinci&nbsp;en este escrito se referir\u00e1 al proyecto en s\u00ed, a la web&nbsp;opdavinci.com&nbsp;o a&nbsp;David Allende i Daroca&nbsp;, como propietario y gestor del mismo. Finalidad de esta web Ofrecer un &hellip; <\/p>\n<p class=\"link-more\"><a href=\"https:\/\/opdavinci.com\/es\/terms-of-service\/\" class=\"more-link\">Continuar leyendo<span class=\"screen-reader-text\"> \u00abT\u00e9rminos del servicio\u00bb<\/span><\/a><\/p>\n","protected":false},"author":2,"featured_media":0,"parent":0,"menu_order":0,"comment_status":"closed","ping_status":"closed","template":"","meta":{"_acf_changed":false,"footnotes":""},"class_list":["post-2294","page","type-page","status-publish","hentry"],"acf":[],"featured_image_url":[],"post_author":"David Allende i Daroca","assigned_categories":"","_links":{"self":[{"href":"https:\/\/opdavinci.com\/es\/wp-json\/wp\/v2\/pages\/2294","targetHints":{"allow":["GET"]}}],"collection":[{"href":"https:\/\/opdavinci.com\/es\/wp-json\/wp\/v2\/pages"}],"about":[{"href":"https:\/\/opdavinci.com\/es\/wp-json\/wp\/v2\/types\/page"}],"author":[{"embeddable":true,"href":"https:\/\/opdavinci.com\/es\/wp-json\/wp\/v2\/users\/2"}],"replies":[{"embeddable":true,"href":"https:\/\/opdavinci.com\/es\/wp-json\/wp\/v2\/comments?post=2294"}],"version-history":[{"count":31,"href":"https:\/\/opdavinci.com\/es\/wp-json\/wp\/v2\/pages\/2294\/revisions"}],"predecessor-version":[{"id":4274,"href":"https:\/\/opdavinci.com\/es\/wp-json\/wp\/v2\/pages\/2294\/revisions\/4274"}],"wp:attachment":[{"href":"https:\/\/opdavinci.com\/es\/wp-json\/wp\/v2\/media?parent=2294"}],"curies":[{"name":"wp","href":"https:\/\/api.w.org\/{rel}","templated":true}]}}