{"id":3,"date":"2022-11-30T09:31:00","date_gmt":"2022-11-30T09:31:00","guid":{"rendered":"http:\/\/opdavinci.com\/?page_id=3"},"modified":"2026-03-31T13:48:43","modified_gmt":"2026-03-31T13:48:43","slug":"privacy-policy","status":"publish","type":"page","link":"https:\/\/opdavinci.com\/es\/privacy-policy\/","title":{"rendered":"Pol\u00edtica de privacidad"},"content":{"rendered":"\n<h2 class=\"wp-block-heading\">\u00bfQui\u00e9nes somos?<\/h2>\n\n\n\n<p><strong>Operaci\u00f3n da Vinci<\/strong> es un proyecto personal de <em>David Allende i Daroca<\/em>, no hay ninguna empresa o grupo empresarial detr\u00e1s del proyecto.<\/p>\n\n\n\n<p><a href=\"https:\/\/allende-daroca.com\/\">https:\/\/allende-daroca.com<\/a><br><a href=\"mailto:opdavinci@opdavinci.com\">opdavinci@opdavinci.com<\/a><\/p>\n\n\n\n<p>Cualquier referencia a <strong>Operaci\u00f3n da Vinci<\/strong> en este escrito se referir\u00e1 al proyecto en s\u00ed, al sitio web <strong>opdavinci.com<\/strong> o a <em>David Allende i Daroca<\/em>, como propietario y gestor del mismo.<\/p>\n\n\n\n<h2 class=\"wp-block-heading\">Finalidad de este sitio web<\/h2>\n\n\n\n<p>Ofrecer un espacio donde los artistas puedan compartir sus obras de manera desinteresada, almacen\u00e1ndolas en el espacio p\u00fablico para que las personas que las recojan puedan disfrutarlas libremente.<\/p>\n\n\n\n<h2 class=\"wp-block-heading\">\u00bfQu\u00e9 uso hacemos de tus datos?<\/h2>\n\n\n\n<p>En ning\u00fan caso se utilizar\u00e1 la informaci\u00f3n personal recogida en nuestro sitio web con fines comerciales ni se compartir\u00e1 con ninguna otra persona.<\/p>\n\n\n\n<p>Los artistas que deseen compartir una obra de arte deben registrarse proporcionando su nombre completo y un correo electr\u00f3nico, con el fin de poder identificar de manera fiable a la persona que libera una obra.<\/p>\n\n\n\n<p>A las personas que recojan una obra de arte que ha sido compartidas en el espacio p\u00fablico por un artista registrado en <strong>opdavinci.com<\/strong> s\u00f3lo se les pide que nos etiqueten de forma voluntaria en <em>Instagram<\/em> (<strong>@<em>opdvinci<\/em><\/strong>) o nos envien un correo a <em>opdavinci@opdavinci.com<\/em> con la intenci\u00f3n de notificar la recogida i mirar de que no se pierda la trazabilidad de la obra.<\/p>\n\n\n\n<h2 class=\"wp-block-heading\">\u00bfQu\u00e9 derechos tienes sobre las obras liberadas o recogidas?<\/h2>\n\n\n\n<p>Consulta el documento <a href=\"https:\/\/opdavinci.com\/es\/terms-of-service\/\">T\u00e9rminos del servicio<\/a>.<\/p>\n\n\n\n<h2 class=\"wp-block-heading\">\u00bfQu\u00e9 derechos tienes sobre tus datos?<\/h2>\n\n\n\n<p>Para los usuarios que se registran en nuestro sitio web, almacenamos la informaci\u00f3n personal que proporcionan en su perfil de usuario. Todos los usuarios pueden ver, editar o eliminar su informaci\u00f3n personal en cualquier momento (excepto que no pueden cambiar su nombre de usuario). Los administradores del sitio web tambi\u00e9n pueden ver y editar esta informaci\u00f3n.<\/p>\n\n\n\n<p>Si tienes una cuenta en este sitio, puedes solicitar que borremos los datos personales que tenemos sobre ti. Esto no incluye la informaci\u00f3n que estemos obligados a conservar con fines administrativos, legales o de seguridad.<\/p>\n\n\n\n<h2 class=\"wp-block-heading\">Restablecimiento de la contrase\u00f1a<\/h2>\n\n\n\n<p>Si solicitas el restablecimiento de tu contrase\u00f1a, tu direcci\u00f3n IP se incluir\u00e1 en el correo electr\u00f3nico de restablecimiento.<\/p>\n\n\n\n<h2 class=\"wp-block-heading\">Pagos<\/h2>\n\n\n\n<p>No se realiza ning\u00fan pago en ning\u00fan proceso de este proyecto.<\/p>\n\n\n\n<h2 class=\"wp-block-heading\">Cookies<\/h2>\n\n\n\n<p>Si visitas nuestra p\u00e1gina de inicio de sesi\u00f3n, estableceremos una cookie temporal para determinar si tu navegador acepta <em>cookies<\/em>. Esta <em>cookie <\/em>no contiene datos personales y se elimina cuando cierras el navegador.<\/p>\n\n\n\n<p>Cuando inicias sesi\u00f3n, tambi\u00e9n configuramos varias <em>cookies <\/em>para guardar tu informaci\u00f3n de inicio de sesi\u00f3n y tus opciones de visualizaci\u00f3n de pantalla. Las <em>cookies <\/em>de inicio de sesi\u00f3n duran dos d\u00edas y las de opciones de pantalla duran un a\u00f1o. Si seleccionas \u00abRecordarme\u00bb, tu inicio de sesi\u00f3n se mantendr\u00e1 durante dos semanas. Si cierras la sesi\u00f3n de tu cuenta, las <em>cookies <\/em>de inicio de sesi\u00f3n se eliminar\u00e1n.<\/p>\n\n\n\n<p>Si editas o publicas un art\u00edculo, se guardar\u00e1 una <em>cookie <\/em>adicional en tu navegador. Esta <em>cookie <\/em>no incluye datos personales y simplemente indica el ID de publicaci\u00f3n del art\u00edculo que acabas de editar. Caduca despu\u00e9s de un d\u00eda.<\/p>\n","protected":false},"excerpt":{"rendered":"<p>\u00bfQui\u00e9nes somos? Operaci\u00f3n da Vinci es un proyecto personal de David Allende i Daroca, no hay ninguna empresa o grupo empresarial detr\u00e1s del proyecto. https:\/\/allende-daroca.comopdavinci@opdavinci.com Cualquier referencia a Operaci\u00f3n da Vinci en este escrito se referir\u00e1 al proyecto en s\u00ed, al sitio web opdavinci.com o a David Allende i Daroca, como propietario y gestor del &hellip; <\/p>\n<p class=\"link-more\"><a href=\"https:\/\/opdavinci.com\/es\/privacy-policy\/\" class=\"more-link\">Continuar leyendo<span class=\"screen-reader-text\"> \u00abPol\u00edtica de privacidad\u00bb<\/span><\/a><\/p>\n","protected":false},"author":2,"featured_media":0,"parent":0,"menu_order":0,"comment_status":"closed","ping_status":"closed","template":"","meta":{"_acf_changed":false,"footnotes":""},"class_list":["post-3","page","type-page","status-publish","hentry"],"acf":[],"featured_image_url":[],"post_author":"David Allende i Daroca","assigned_categories":"","_links":{"self":[{"href":"https:\/\/opdavinci.com\/es\/wp-json\/wp\/v2\/pages\/3","targetHints":{"allow":["GET"]}}],"collection":[{"href":"https:\/\/opdavinci.com\/es\/wp-json\/wp\/v2\/pages"}],"about":[{"href":"https:\/\/opdavinci.com\/es\/wp-json\/wp\/v2\/types\/page"}],"author":[{"embeddable":true,"href":"https:\/\/opdavinci.com\/es\/wp-json\/wp\/v2\/users\/2"}],"replies":[{"embeddable":true,"href":"https:\/\/opdavinci.com\/es\/wp-json\/wp\/v2\/comments?post=3"}],"version-history":[{"count":18,"href":"https:\/\/opdavinci.com\/es\/wp-json\/wp\/v2\/pages\/3\/revisions"}],"predecessor-version":[{"id":4504,"href":"https:\/\/opdavinci.com\/es\/wp-json\/wp\/v2\/pages\/3\/revisions\/4504"}],"wp:attachment":[{"href":"https:\/\/opdavinci.com\/es\/wp-json\/wp\/v2\/media?parent=3"}],"curies":[{"name":"wp","href":"https:\/\/api.w.org\/{rel}","templated":true}]}}